{"id":304,"date":"2013-06-06T08:42:53","date_gmt":"2013-06-06T06:42:53","guid":{"rendered":"http:\/\/dev.tratech.nu\/?page_id=304"},"modified":"2023-01-26T16:01:06","modified_gmt":"2023-01-26T15:01:06","slug":"produkter-2","status":"publish","type":"page","link":"https:\/\/www.tratech.nu\/?page_id=304","title":{"rendered":"Produkter"},"content":{"rendered":"<p>\u00a0<\/p>\n<p><strong>Hydraulik<\/strong><br \/>Hydrault\u00e4tningar, kopplingar, slangar. Fels\u00f6kning och probleml\u00f6sning<\/p>\n<p><strong>Tryckluft<\/strong><br \/>Kompressorer, tork-utrustning, service, filter, oljor, reservdelar. Fels\u00f6kning, installation, probleml\u00f6sning<\/p>\n\n\n<p><strong>Transmission<\/strong><br>Kullager, glidlager, fl\u00e4nslager, kilremmar, drivremmar mm.<\/p>\n","protected":false},"excerpt":{"rendered":"<p>\u00a0 HydraulikHydrault\u00e4tningar, kopplingar, slangar. Fels\u00f6kning och probleml\u00f6sning TryckluftKompressorer, tork-utrustning, service, filter, oljor, reservdelar. Fels\u00f6kning, installation, probleml\u00f6sning TransmissionKullager, glidlager, fl\u00e4nslager, kilremmar, drivremmar mm.<\/p>\n","protected":false},"author":1,"featured_media":0,"parent":0,"menu_order":0,"comment_status":"open","ping_status":"open","template":"","meta":[],"_links":{"self":[{"href":"https:\/\/www.tratech.nu\/index.php?rest_route=\/wp\/v2\/pages\/304"}],"collection":[{"href":"https:\/\/www.tratech.nu\/index.php?rest_route=\/wp\/v2\/pages"}],"about":[{"href":"https:\/\/www.tratech.nu\/index.php?rest_route=\/wp\/v2\/types\/page"}],"author":[{"embeddable":true,"href":"https:\/\/www.tratech.nu\/index.php?rest_route=\/wp\/v2\/users\/1"}],"replies":[{"embeddable":true,"href":"https:\/\/www.tratech.nu\/index.php?rest_route=%2Fwp%2Fv2%2Fcomments&post=304"}],"version-history":[{"count":5,"href":"https:\/\/www.tratech.nu\/index.php?rest_route=\/wp\/v2\/pages\/304\/revisions"}],"predecessor-version":[{"id":620,"href":"https:\/\/www.tratech.nu\/index.php?rest_route=\/wp\/v2\/pages\/304\/revisions\/620"}],"wp:attachment":[{"href":"https:\/\/www.tratech.nu\/index.php?rest_route=%2Fwp%2Fv2%2Fmedia&parent=304"}],"curies":[{"name":"wp","href":"https:\/\/api.w.org\/{rel}","templated":true}]}}