{"id":295,"date":"2013-06-06T08:37:23","date_gmt":"2013-06-06T06:37:23","guid":{"rendered":"http:\/\/dev.tratech.nu\/?page_id=295"},"modified":"2016-03-18T18:43:19","modified_gmt":"2016-03-18T17:43:19","slug":"begagnat-2","status":"publish","type":"page","link":"https:\/\/www.tratech.nu\/?page_id=295","title":{"rendered":"Begagnat"},"content":{"rendered":"<p>Vi har snabb oms\u00e4ttning p\u00e5 v\u00e5ra begagnade produkter s\u00e5 det \u00e4r inte alltid dem hinner komma ut p\u00e5 hemsidan innan dem \u00e4r s\u00e5lda. kontakta oss f\u00f6r aktuell information om v\u00e5rt begagnade sortiment.<\/p>\n","protected":false},"excerpt":{"rendered":"<p>Vi har snabb oms\u00e4ttning p\u00e5 v\u00e5ra begagnade produkter s\u00e5 det \u00e4r inte alltid dem hinner komma ut p\u00e5 hemsidan innan dem \u00e4r s\u00e5lda. kontakta oss f\u00f6r aktuell information om v\u00e5rt begagnade sortiment.<\/p>\n","protected":false},"author":1,"featured_media":0,"parent":0,"menu_order":0,"comment_status":"open","ping_status":"open","template":"template-fullwidth.php","meta":[],"_links":{"self":[{"href":"https:\/\/www.tratech.nu\/index.php?rest_route=\/wp\/v2\/pages\/295"}],"collection":[{"href":"https:\/\/www.tratech.nu\/index.php?rest_route=\/wp\/v2\/pages"}],"about":[{"href":"https:\/\/www.tratech.nu\/index.php?rest_route=\/wp\/v2\/types\/page"}],"author":[{"embeddable":true,"href":"https:\/\/www.tratech.nu\/index.php?rest_route=\/wp\/v2\/users\/1"}],"replies":[{"embeddable":true,"href":"https:\/\/www.tratech.nu\/index.php?rest_route=%2Fwp%2Fv2%2Fcomments&post=295"}],"version-history":[{"count":7,"href":"https:\/\/www.tratech.nu\/index.php?rest_route=\/wp\/v2\/pages\/295\/revisions"}],"predecessor-version":[{"id":572,"href":"https:\/\/www.tratech.nu\/index.php?rest_route=\/wp\/v2\/pages\/295\/revisions\/572"}],"wp:attachment":[{"href":"https:\/\/www.tratech.nu\/index.php?rest_route=%2Fwp%2Fv2%2Fmedia&parent=295"}],"curies":[{"name":"wp","href":"https:\/\/api.w.org\/{rel}","templated":true}]}}