{"id":2,"date":"2013-04-01T05:03:39","date_gmt":"2013-04-01T05:03:39","guid":{"rendered":"http:\/\/dev.tratech.nu\/?page_id=2"},"modified":"2021-05-03T11:30:01","modified_gmt":"2021-05-03T09:30:01","slug":"exempelsida","status":"publish","type":"page","link":"https:\/\/www.tratech.nu\/","title":{"rendered":"Start"},"content":{"rendered":"<div id=\"pl-2\"  class=\"panel-layout\" ><div id=\"pg-2-0\"  class=\"panel-grid panel-has-style\" ><div class=\"siteorigin-panels-stretch panel-row-style panel-row-style-for-2-0\" data-stretch-type=\"full-stretched\" ><div id=\"pgc-2-0-0\"  class=\"panel-grid-cell\" ><div id=\"panel-2-0-0-0\" class=\"so-panel widget widget_black-studio-tinymce widget_black_studio_tinymce panel-first-child panel-last-child\" data-index=\"0\" ><div class=\"panel-widget-style panel-widget-style-for-2-0-0-0\" ><div class=\"textwidget\"><p><span class=\"\" style=\"display:block;clear:both;height: 0px;padding-top: 250px;border-top-width:0px;border-bottom-width:0px;\"><\/span><\/p>\n<\/div><\/div><\/div><\/div><\/div><\/div><div id=\"pg-2-1\"  class=\"panel-grid panel-has-style\" ><div class=\"siteorigin-panels-stretch panel-row-style panel-row-style-for-2-1\" data-stretch-type=\"full-stretched\" ><div id=\"pgc-2-1-0\"  class=\"panel-grid-cell\" ><div id=\"panel-2-1-0-0\" class=\"so-panel widget widget_black-studio-tinymce widget_black_studio_tinymce panel-first-child panel-last-child\" data-index=\"1\" ><div class=\"textwidget\"><p><img class=\"alignnone size-full wp-image-558\" src=\"http:\/\/www.tratech.nu\/wp-content\/uploads\/2013\/04\/1.jpg\" alt=\"1\" width=\"270\" height=\"240\" \/><\/p>\n<\/div><\/div><\/div><div id=\"pgc-2-1-1\"  class=\"panel-grid-cell\" ><div id=\"panel-2-1-1-0\" class=\"so-panel widget widget_black-studio-tinymce widget_black_studio_tinymce panel-first-child panel-last-child\" data-index=\"2\" ><div class=\"textwidget\"><p><img class=\"alignnone size-full wp-image-566\" src=\"http:\/\/www.tratech.nu\/wp-content\/uploads\/2013\/04\/2ny.jpg\" alt=\"2ny\" width=\"270\" height=\"240\" \/><\/p>\n<\/div><\/div><\/div><div id=\"pgc-2-1-2\"  class=\"panel-grid-cell\" ><div id=\"panel-2-1-2-0\" class=\"so-panel widget widget_black-studio-tinymce widget_black_studio_tinymce panel-first-child panel-last-child\" data-index=\"3\" ><div class=\"textwidget\"><p><img class=\"alignnone size-full wp-image-560\" src=\"http:\/\/www.tratech.nu\/wp-content\/uploads\/2013\/04\/3.jpg\" alt=\"3\" width=\"270\" height=\"240\" \/><\/p>\n<\/div><\/div><\/div><div id=\"pgc-2-1-3\"  class=\"panel-grid-cell\" ><div id=\"panel-2-1-3-0\" class=\"so-panel widget widget_black-studio-tinymce widget_black_studio_tinymce panel-first-child panel-last-child\" data-index=\"4\" ><div class=\"textwidget\"><p><img class=\"alignnone size-full wp-image-561\" src=\"http:\/\/www.tratech.nu\/wp-content\/uploads\/2013\/04\/4.jpeg\" alt=\"4\" width=\"270\" height=\"240\" \/><\/p>\n<\/div><\/div><\/div><div id=\"pgc-2-1-4\"  class=\"panel-grid-cell\" ><div id=\"panel-2-1-4-0\" class=\"so-panel widget widget_black-studio-tinymce widget_black_studio_tinymce panel-first-child panel-last-child\" data-index=\"5\" ><div class=\"textwidget\"><p><img class=\"alignnone size-full wp-image-562\" src=\"http:\/\/www.tratech.nu\/wp-content\/uploads\/2013\/04\/7.jpg\" alt=\"7\" width=\"270\" height=\"240\" \/><\/p>\n<\/div><\/div><\/div><\/div><\/div><div id=\"pg-2-2\"  class=\"panel-grid panel-no-style\" ><div id=\"pgc-2-2-0\"  class=\"panel-grid-cell\" ><div id=\"panel-2-2-0-0\" class=\"so-panel widget widget_black-studio-tinymce widget_black_studio_tinymce panel-first-child panel-last-child\" data-index=\"6\" ><div class=\"textwidget\"><h2>Tryckluft<\/h2>\n<h5><span data-mce-mark=\"1\">Vi\u00a0har funnits p\u00e5 marknaden i m\u00e5nga \u00e5r och har l\u00e5ng erfarenhet av tryckluftsbranchen b\u00e5de g\u00e4llande\u00a0<\/span><span data-mce-mark=\"1\">service och reparation av\u00a0kompressorer men \u00e4ven f\u00f6rs\u00e4ljning.<\/span><\/h5>\n<h5><span data-mce-mark=\"1\">Oavsett om det g\u00e4ller en projektering f\u00f6r nyinstallation, f\u00f6rs\u00e4ljning eller komplettering \/ \u00e4ndring av<br \/>\n<\/span><span data-mce-mark=\"1\">befintlig utrustning s\u00e5 hj\u00e4lper vi er.<\/span><\/h5>\n<h5><span data-mce-mark=\"1\">Vi erbjuder \u00e4ven\u00a0energim\u00e4tningar p\u00e5 er befintliga kompressoranl\u00e4ggning f\u00f6r att se om vi kan erbjuda en<br \/>\n<\/span><span data-mce-mark=\"1\">energieffektivare produktion av den tryckluft ni anv\u00e4nder.<\/span><\/h5>\n<p>&nbsp;<\/p>\n<\/div><\/div><\/div><div id=\"pgc-2-2-1\"  class=\"panel-grid-cell\" ><div id=\"panel-2-2-1-0\" class=\"so-panel widget widget_black-studio-tinymce widget_black_studio_tinymce panel-first-child panel-last-child\" data-index=\"7\" ><div class=\"textwidget\"><h2>Produkter<\/h2>\n<p>I v\u00e5r butik bel\u00e4gen i Ludvika finns ett brett sortiment av kullager, t\u00e4tningar, sm\u00f6rjmedel, transmission, verktyg och hydraulik. I butiken finns \u00e4ven batterier samt slangservice.<\/p>\n<p>&nbsp;<\/p>\n<\/div><\/div><\/div><\/div><div id=\"pg-2-3\"  class=\"panel-grid panel-has-style\" ><div class=\"siteorigin-panels-stretch panel-row-style panel-row-style-for-2-3\" data-stretch-type=\"full-stretched\" ><div id=\"pgc-2-3-0\"  class=\"panel-grid-cell\" ><div id=\"panel-2-3-0-0\" class=\"so-panel widget widget_black-studio-tinymce widget_black_studio_tinymce panel-first-child panel-last-child\" data-index=\"8\" ><div class=\"textwidget\"><p><img class=\"aligncenter wp-image-510 size-thumbnail\" src=\"http:\/\/www.tratech.nu\/wp-content\/uploads\/2013\/04\/Drawing-11-150x150.png\" alt=\"Drawing (11)\" width=\"150\" height=\"150\" \/><\/p>\n<h2 style=\"text-align: center;\">Produkter<\/h2>\n<p style=\"text-align: center;\">Vi tillhandah\u00e5ller ett stort utbud av industriprodukter.<\/p>\n<p style=\"text-align: center;\"><a class=\"btn btn-primary custom-button blue-btn\" href=\"\/?page_id=304\">Produkter<\/a><\/p>\n<\/div><\/div><\/div><div id=\"pgc-2-3-1\"  class=\"panel-grid-cell\" ><div id=\"panel-2-3-1-0\" class=\"so-panel widget widget_black-studio-tinymce widget_black_studio_tinymce panel-first-child panel-last-child\" data-index=\"9\" ><div class=\"textwidget\"><p><img class=\"aligncenter wp-image-518 size-thumbnail\" src=\"http:\/\/www.tratech.nu\/wp-content\/uploads\/2013\/04\/Drawing-12-150x150.png\" alt=\"Drawing (12)\" width=\"150\" height=\"150\" \/><\/p>\n<h2 style=\"text-align: center;\">Tj\u00e4nster<\/h2>\n<p style=\"text-align: center;\">Vi erbjuder bra uthyrningsavtal utav kompressoranl\u00e4ggningar<\/p>\n<p style=\"text-align: center;\"><a class=\"btn btn-primary custom-button blue-btn\" href=\"\/?page_id=397\">Tj\u00e4nster<\/a><\/p>\n<\/div><\/div><\/div><div id=\"pgc-2-3-2\"  class=\"panel-grid-cell\" ><div id=\"panel-2-3-2-0\" class=\"so-panel widget widget_black-studio-tinymce widget_black_studio_tinymce panel-first-child panel-last-child\" data-index=\"10\" ><div class=\"textwidget\"><p><img class=\"aligncenter wp-image-520 size-thumbnail\" src=\"http:\/\/www.tratech.nu\/wp-content\/uploads\/2013\/04\/Drawing-13-150x150.png\" alt=\"Drawing (13)\" width=\"150\" height=\"150\" \/><\/p>\n<h2 style=\"text-align: center;\">Kontakta oss<\/h2>\n<p style=\"text-align: center;\">Vi hj\u00e4lper er hitta kundanpassade l\u00f6sningar<\/p>\n<p style=\"text-align: center;\"><a class=\"btn btn-primary custom-button blue-btn\" href=\"\/?page_id=31\">Kontakta oss<\/a><\/p>\n<\/div><\/div><\/div><\/div><\/div><div id=\"pg-2-4\"  class=\"panel-grid panel-has-style\" ><div class=\"siteorigin-panels-stretch panel-row-style panel-row-style-for-2-4\" data-stretch-type=\"full-stretched\" ><div id=\"pgc-2-4-0\"  class=\"panel-grid-cell panel-grid-cell-empty\" ><\/div><div id=\"pgc-2-4-1\"  class=\"panel-grid-cell panel-grid-cell-empty\" ><\/div><div id=\"pgc-2-4-2\"  class=\"panel-grid-cell panel-grid-cell-empty\" ><\/div><div id=\"pgc-2-4-3\"  class=\"panel-grid-cell panel-grid-cell-empty panel-grid-cell-mobile-last\" ><\/div><div id=\"pgc-2-4-4\"  class=\"panel-grid-cell panel-grid-cell-empty\" ><\/div><\/div><\/div><\/div>","protected":false},"excerpt":{"rendered":"<p>Tryckluft Vi\u00a0har funnits p\u00e5 marknaden i m\u00e5nga \u00e5r och har l\u00e5ng erfarenhet av tryckluftsbranchen b\u00e5de g\u00e4llande\u00a0service och reparation av\u00a0kompressorer men \u00e4ven f\u00f6rs\u00e4ljning. Oavsett om det g\u00e4ller en projektering f\u00f6r nyinstallation, f\u00f6rs\u00e4ljning eller komplettering \/ \u00e4ndring av befintlig utrustning s\u00e5 hj\u00e4lper vi er. Vi erbjuder \u00e4ven\u00a0energim\u00e4tningar p\u00e5 er befintliga kompressoranl\u00e4ggning f\u00f6r att se om vi kan&hellip;&nbsp;<a href=\"https:\/\/www.tratech.nu\/\" class=\"\" rel=\"bookmark\">L\u00e4s mer &raquo;<span class=\"screen-reader-text\">Start<\/span><\/a><\/p>\n","protected":false},"author":1,"featured_media":0,"parent":0,"menu_order":0,"comment_status":"closed","ping_status":"closed","template":"","meta":[],"_links":{"self":[{"href":"https:\/\/www.tratech.nu\/index.php?rest_route=\/wp\/v2\/pages\/2"}],"collection":[{"href":"https:\/\/www.tratech.nu\/index.php?rest_route=\/wp\/v2\/pages"}],"about":[{"href":"https:\/\/www.tratech.nu\/index.php?rest_route=\/wp\/v2\/types\/page"}],"author":[{"embeddable":true,"href":"https:\/\/www.tratech.nu\/index.php?rest_route=\/wp\/v2\/users\/1"}],"replies":[{"embeddable":true,"href":"https:\/\/www.tratech.nu\/index.php?rest_route=%2Fwp%2Fv2%2Fcomments&post=2"}],"version-history":[{"count":96,"href":"https:\/\/www.tratech.nu\/index.php?rest_route=\/wp\/v2\/pages\/2\/revisions"}],"predecessor-version":[{"id":614,"href":"https:\/\/www.tratech.nu\/index.php?rest_route=\/wp\/v2\/pages\/2\/revisions\/614"}],"wp:attachment":[{"href":"https:\/\/www.tratech.nu\/index.php?rest_route=%2Fwp%2Fv2%2Fmedia&parent=2"}],"curies":[{"name":"wp","href":"https:\/\/api.w.org\/{rel}","templated":true}]}}