{"id":31,"date":"2013-04-01T12:30:43","date_gmt":"2013-04-01T10:30:43","guid":{"rendered":"http:\/\/dev.tratech.nu\/?page_id=31"},"modified":"2023-01-26T15:51:54","modified_gmt":"2023-01-26T14:51:54","slug":"kontakt","status":"publish","type":"page","link":"http:\/\/www.tratech.nu\/?page_id=31","title":{"rendered":"Kontakt"},"content":{"rendered":"<div id=\"pl-31\"  class=\"panel-layout\" ><div id=\"pg-31-0\"  class=\"panel-grid panel-has-style\" ><div class=\"siteorigin-panels-stretch panel-row-style panel-row-style-for-31-0\" data-stretch-type=\"full-stretched\" ><div id=\"pgc-31-0-0\"  class=\"panel-grid-cell\" ><div id=\"panel-31-0-0-0\" class=\"so-panel widget widget_sow-google-map panel-first-child panel-last-child\" data-index=\"0\" ><div class=\"so-widget-sow-google-map so-widget-sow-google-map-base\">\n<div class=\"sow-google-map-canvas\"\n     style=\"height:250px;\"\n     id=\"map-canvas-f3393ec14101c00ae17059fb697e3392\"\n     data-options=\"{&quot;address&quot;:&quot;Kronv\\u00e4gen 35 LUDVIKA, 771 42&quot;,&quot;zoom&quot;:15,&quot;mobileZoom&quot;:15,&quot;gestureHandling&quot;:&quot;cooperative&quot;,&quot;disableUi&quot;:false,&quot;keepCentered&quot;:false,&quot;markerIcon&quot;:&quot;&quot;,&quot;markersDraggable&quot;:false,&quot;markerAtCenter&quot;:true,&quot;markerInfoDisplay&quot;:&quot;click&quot;,&quot;markerInfoMultiple&quot;:true,&quot;markerPositions&quot;:&quot;&quot;,&quot;mapName&quot;:&quot;&quot;,&quot;mapStyles&quot;:&quot;&quot;,&quot;directions&quot;:&quot;&quot;,&quot;apiKey&quot;:&quot;&quot;,&quot;breakpoint&quot;:&quot;780&quot;}\"\n     data-fallback-image=\"{&quot;img&quot;:&quot;&quot;}\"><\/div>\n<\/div><\/div><\/div><\/div><\/div><div id=\"pg-31-1\"  class=\"panel-grid panel-no-style\" ><div id=\"pgc-31-1-0\"  class=\"panel-grid-cell\" ><div id=\"panel-31-1-0-0\" class=\"so-panel widget widget_black-studio-tinymce widget_black_studio_tinymce panel-first-child panel-last-child\" data-index=\"1\" ><div class=\"textwidget\"><h1 style=\"text-align: left;\">Kontakta oss<\/h1>\n<\/div><\/div><\/div><\/div><div id=\"pg-31-2\"  class=\"panel-grid panel-no-style\" ><div id=\"pgc-31-2-0\"  class=\"panel-grid-cell\" ><div id=\"panel-31-2-0-0\" class=\"so-panel widget widget_black-studio-tinymce widget_black_studio_tinymce panel-first-child panel-last-child\" data-index=\"2\" ><div class=\"textwidget\"><p><div role=\"form\" class=\"wpcf7\" id=\"wpcf7-f532-o1\" lang=\"sv-SE\" dir=\"ltr\">\n<div class=\"screen-reader-response\"><\/div>\n<form action=\"\/index.php?rest_route=%2Fwp%2Fv2%2Fpages%2F31#wpcf7-f532-o1\" method=\"post\" class=\"wpcf7-form\" novalidate=\"novalidate\">\n<div style=\"display: none;\">\n<input type=\"hidden\" name=\"_wpcf7\" value=\"532\" \/>\n<input type=\"hidden\" name=\"_wpcf7_version\" value=\"5.1.7\" \/>\n<input type=\"hidden\" name=\"_wpcf7_locale\" value=\"sv_SE\" \/>\n<input type=\"hidden\" name=\"_wpcf7_unit_tag\" value=\"wpcf7-f532-o1\" \/>\n<input type=\"hidden\" name=\"_wpcf7_container_post\" value=\"0\" \/>\n<\/div>\n<p>Ditt namn (obligatorisk)<br \/>\n    <span class=\"wpcf7-form-control-wrap your-name\"><input type=\"text\" name=\"your-name\" value=\"\" size=\"40\" class=\"wpcf7-form-control wpcf7-text wpcf7-validates-as-required\" aria-required=\"true\" aria-invalid=\"false\" \/><\/span> <\/p>\n<p>Din epost (obligatorisk)<br \/>\n    <span class=\"wpcf7-form-control-wrap your-email\"><input type=\"email\" name=\"your-email\" value=\"\" size=\"40\" class=\"wpcf7-form-control wpcf7-text wpcf7-email wpcf7-validates-as-required wpcf7-validates-as-email\" aria-required=\"true\" aria-invalid=\"false\" \/><\/span> <\/p>\n<p>\u00c4mne<br \/>\n    <span class=\"wpcf7-form-control-wrap your-subject\"><input type=\"text\" name=\"your-subject\" value=\"\" size=\"40\" class=\"wpcf7-form-control wpcf7-text\" aria-invalid=\"false\" \/><\/span> <\/p>\n<p>Ditt meddelande<br \/>\n    <span class=\"wpcf7-form-control-wrap your-message\"><textarea name=\"your-message\" cols=\"40\" rows=\"10\" class=\"wpcf7-form-control wpcf7-textarea\" aria-invalid=\"false\"><\/textarea><\/span> <\/p>\n<p><input type=\"submit\" value=\"Skicka\" class=\"wpcf7-form-control wpcf7-submit\" \/><\/p>\n<div class=\"wpcf7-response-output wpcf7-display-none\"><\/div><\/form><\/div><\/p>\n<\/div><\/div><\/div><div id=\"pgc-31-2-1\"  class=\"panel-grid-cell\" ><div id=\"panel-31-2-1-0\" class=\"so-panel widget widget_sow-editor panel-first-child panel-last-child\" data-index=\"3\" ><div class=\"so-widget-sow-editor so-widget-sow-editor-base\">\n<div class=\"siteorigin-widget-tinymce textwidget\">\n\t<h2>V\u00e5r butik:<\/h2>\n<div>Butiken hittar ni p\u00e5 Kronv\u00e4gen 35 i Ludvika<br \/>\n\u00d6ppet:<\/div>\n<div>\n<table style=\"height: 90px;\" width=\"290\">\n<tbody>\n<tr>\n<td>M\u00e5ndag-Torsdag<\/td>\n<td>08.00-16.00<\/td>\n<\/tr>\n<tr>\n<td>Fredag<\/td>\n<td>08.00-12.00<\/td>\n<\/tr>\n<tr>\n<td>Lunch st\u00e4ngt m\u00e5 -to<\/td>\n<td>11.30-13.00<\/td>\n<\/tr>\n<\/tbody>\n<\/table>\n<p>__________________________________________________________________________________________<\/p>\n<table style=\"height: 90px;\" width=\"290\">\n<tbody>\n<tr>\n<td>\n<div>Ordertelefon<\/div>\n<\/td>\n<td>\n<div>0240 56 44 40<\/div>\n<\/td>\n<\/tr>\n<tr>\n<td>073-022 77 81<\/td>\n<td>\n<div>070-383 80 87<\/div>\n<\/td>\n<\/tr>\n<tr>\n<td>\n<div>E-post<\/div>\n<\/td>\n<td>\n<div><a href=\"mailto:info@tratech.se\">order@tratech.se<\/a><\/div>\n<\/td>\n<\/tr>\n<\/tbody>\n<\/table>\n<\/div>\n<p>__________________________________________________________________________________________<\/p>\n<p>&nbsp;<\/p>\n<\/div>\n<\/div><\/div><\/div><\/div><\/div>","protected":false},"excerpt":{"rendered":"<p>Kontakta oss Ditt namn (obligatorisk) Din epost (obligatorisk) \u00c4mne Ditt meddelande V\u00e5r butik: Butiken hittar ni p\u00e5 Kronv\u00e4gen 35 i Ludvika \u00d6ppet: M\u00e5ndag-Torsdag 08.00-16.00 Fredag 08.00-12.00 Lunch st\u00e4ngt m\u00e5 -to 11.30-13.00 __________________________________________________________________________________________ Ordertelefon 0240 56 44 40 073-022 77 81 070-383 80 87 E-post order@tratech.se __________________________________________________________________________________________ &nbsp;<\/p>\n","protected":false},"author":1,"featured_media":0,"parent":0,"menu_order":0,"comment_status":"closed","ping_status":"closed","template":"","meta":[],"_links":{"self":[{"href":"http:\/\/www.tratech.nu\/index.php?rest_route=\/wp\/v2\/pages\/31"}],"collection":[{"href":"http:\/\/www.tratech.nu\/index.php?rest_route=\/wp\/v2\/pages"}],"about":[{"href":"http:\/\/www.tratech.nu\/index.php?rest_route=\/wp\/v2\/types\/page"}],"author":[{"embeddable":true,"href":"http:\/\/www.tratech.nu\/index.php?rest_route=\/wp\/v2\/users\/1"}],"replies":[{"embeddable":true,"href":"http:\/\/www.tratech.nu\/index.php?rest_route=%2Fwp%2Fv2%2Fcomments&post=31"}],"version-history":[{"count":55,"href":"http:\/\/www.tratech.nu\/index.php?rest_route=\/wp\/v2\/pages\/31\/revisions"}],"predecessor-version":[{"id":617,"href":"http:\/\/www.tratech.nu\/index.php?rest_route=\/wp\/v2\/pages\/31\/revisions\/617"}],"wp:attachment":[{"href":"http:\/\/www.tratech.nu\/index.php?rest_route=%2Fwp%2Fv2%2Fmedia&parent=31"}],"curies":[{"name":"wp","href":"https:\/\/api.w.org\/{rel}","templated":true}]}}