{"id":27,"date":"2013-04-01T12:29:55","date_gmt":"2013-04-01T10:29:55","guid":{"rendered":"http:\/\/dev.tratech.nu\/?page_id=27"},"modified":"2013-05-27T15:50:44","modified_gmt":"2013-05-27T13:50:44","slug":"tjanster","status":"publish","type":"page","link":"http:\/\/www.tratech.nu\/?page_id=27","title":{"rendered":"Tj\u00e4nster"},"content":{"rendered":"<p>Vi kan hj\u00e4lpa dig med support och installationer inom tryckluft.<br \/>\nTratech &#8211; din kompletta samarbetspartner f\u00f6r industrif\u00f6rn\u00f6denheter.<\/p>\n<p><a href=\"http:\/\/dev.tratech.nu\/wp-content\/uploads\/Tratech.pdf\" target=\"_blank\">Se v\u00e5r broschyr h\u00e4r &gt;&gt;<\/a><\/p>\n","protected":false},"excerpt":{"rendered":"<p>Vi kan hj\u00e4lpa dig med support och installationer inom tryckluft. Tratech &#8211; din kompletta samarbetspartner f\u00f6r industrif\u00f6rn\u00f6denheter. Se v\u00e5r broschyr h\u00e4r &gt;&gt;<\/p>\n","protected":false},"author":1,"featured_media":0,"parent":0,"menu_order":0,"comment_status":"open","ping_status":"open","template":"","meta":[],"_links":{"self":[{"href":"http:\/\/www.tratech.nu\/index.php?rest_route=\/wp\/v2\/pages\/27"}],"collection":[{"href":"http:\/\/www.tratech.nu\/index.php?rest_route=\/wp\/v2\/pages"}],"about":[{"href":"http:\/\/www.tratech.nu\/index.php?rest_route=\/wp\/v2\/types\/page"}],"author":[{"embeddable":true,"href":"http:\/\/www.tratech.nu\/index.php?rest_route=\/wp\/v2\/users\/1"}],"replies":[{"embeddable":true,"href":"http:\/\/www.tratech.nu\/index.php?rest_route=%2Fwp%2Fv2%2Fcomments&post=27"}],"version-history":[{"count":8,"href":"http:\/\/www.tratech.nu\/index.php?rest_route=\/wp\/v2\/pages\/27\/revisions"}],"predecessor-version":[{"id":285,"href":"http:\/\/www.tratech.nu\/index.php?rest_route=\/wp\/v2\/pages\/27\/revisions\/285"}],"wp:attachment":[{"href":"http:\/\/www.tratech.nu\/index.php?rest_route=%2Fwp%2Fv2%2Fmedia&parent=27"}],"curies":[{"name":"wp","href":"https:\/\/api.w.org\/{rel}","templated":true}]}}