{"id":241,"date":"2013-05-09T14:50:25","date_gmt":"2013-05-09T12:50:25","guid":{"rendered":"http:\/\/dev.tratech.nu\/?page_id=241"},"modified":"2013-05-09T14:55:31","modified_gmt":"2013-05-09T12:55:31","slug":"qlt-h40-belysningsmast","status":"publish","type":"page","link":"http:\/\/www.tratech.nu\/?page_id=241","title":{"rendered":"QLT H40: Belysningsmast"},"content":{"rendered":"<p>Atlas Copcos belysningsmast QLT H40, som drivs av en Perkins-dieselmotor, ger enast\u00e5ende belysning f\u00f6r tillf\u00e4lliga arbetsmilj\u00f6er, sportevenemang och andra situationer. Den bygger p\u00e5 ett koncept som anv\u00e4nts framg\u00e5ngsrikt p\u00e5 marknaden under l\u00e5ng tid. Med QLT H40 f\u00e5r man allt som beh\u00f6vs f\u00f6r en tillf\u00e4llig ljusk\u00e4lla: ett metallh\u00f6lje med ett elsk\u00e5p f\u00f6r styrning och skydd, en hydrauliskt uppf\u00e4llbar mast som str\u00e4cker sig upp till 9,2 meter vertikalt och roterar 350\u00b0 samt st\u00f6dben och underrede med bromsar f\u00f6r v\u00e4gtransport.<br \/>\n[unordered_list style=&#8221;bullet&#8221;]<\/p>\n<ul>\n<li><strong>Snabbt uppf\u00f6rande<\/strong> \u2013 Belysningsmasten QLT H40 \u00e4r enkel att anv\u00e4nda samt extremt l\u00e4tt och man\u00f6vrerbar, vilket g\u00f6r det l\u00e4tt f\u00f6r operat\u00f6rer att placera den i \u00f6nskat l\u00e4ge. Den helautomatiska hydraullyften lyfter masten till full h\u00f6jd p\u00e5 bara 15 sekunder.<\/li>\n<li><strong>S\u00e4kerhet<\/strong> \u2013 En handbroms med s\u00e4kerhetsutl\u00f6sning f\u00f6rhindrar att belysningsmasten r\u00f6r sig n\u00e4r den lyfts upp. Fyra yttre stabilisatorer ger st\u00f6d.<\/li>\n<li><strong>H\u00f6g effektivitet<\/strong> \u2013 Tekniken med halogenlampor som anv\u00e4nds i v\u00e5r QLT H40 \u00e4r ett av de mest energieffektiva s\u00e4tten att omvandla elektrisk energi till ljus.<\/li>\n<li><strong>L\u00e5ng livsl\u00e4ngd<\/strong> \u2013 Den f\u00f6rv\u00e4ntade livsl\u00e4ngden f\u00f6r de fyra halogenlamporna p\u00e5 1 000 W vid normal drift \u00e4r mycket l\u00e5ng och felfrekvensen \u00e4r den l\u00e4gsta j\u00e4mf\u00f6rt med alla andra lamptyper.<\/li>\n<li><strong>H\u00f6g produktivitet<\/strong> upp till 80 timmar \u2013 Tack vare br\u00e4nsletanken som rymmer 145 liter kan dieselmotorn k\u00f6ras kontinuerligt i upp till 80 timmar.<\/li>\n<\/ul>\n<p>[\/unordered_list]<\/p>\n","protected":false},"excerpt":{"rendered":"<p>Atlas Copcos belysningsmast QLT H40, som drivs av en Perkins-dieselmotor, ger enast\u00e5ende belysning f\u00f6r tillf\u00e4lliga arbetsmilj\u00f6er, sportevenemang och andra situationer. Den bygger p\u00e5 ett koncept som anv\u00e4nts framg\u00e5ngsrikt p\u00e5 marknaden under l\u00e5ng tid. Med QLT H40 f\u00e5r man allt som beh\u00f6vs f\u00f6r en tillf\u00e4llig ljusk\u00e4lla: ett metallh\u00f6lje med ett elsk\u00e5p f\u00f6r styrning och skydd, en&hellip;&nbsp;<a href=\"http:\/\/www.tratech.nu\/?page_id=241\" class=\"\" rel=\"bookmark\">L\u00e4s mer &raquo;<span class=\"screen-reader-text\">QLT H40: Belysningsmast<\/span><\/a><\/p>\n","protected":false},"author":1,"featured_media":0,"parent":0,"menu_order":0,"comment_status":"open","ping_status":"open","template":"","meta":[],"_links":{"self":[{"href":"http:\/\/www.tratech.nu\/index.php?rest_route=\/wp\/v2\/pages\/241"}],"collection":[{"href":"http:\/\/www.tratech.nu\/index.php?rest_route=\/wp\/v2\/pages"}],"about":[{"href":"http:\/\/www.tratech.nu\/index.php?rest_route=\/wp\/v2\/types\/page"}],"author":[{"embeddable":true,"href":"http:\/\/www.tratech.nu\/index.php?rest_route=\/wp\/v2\/users\/1"}],"replies":[{"embeddable":true,"href":"http:\/\/www.tratech.nu\/index.php?rest_route=%2Fwp%2Fv2%2Fcomments&post=241"}],"version-history":[{"count":1,"href":"http:\/\/www.tratech.nu\/index.php?rest_route=\/wp\/v2\/pages\/241\/revisions"}],"predecessor-version":[{"id":246,"href":"http:\/\/www.tratech.nu\/index.php?rest_route=\/wp\/v2\/pages\/241\/revisions\/246"}],"wp:attachment":[{"href":"http:\/\/www.tratech.nu\/index.php?rest_route=%2Fwp%2Fv2%2Fmedia&parent=241"}],"curies":[{"name":"wp","href":"https:\/\/api.w.org\/{rel}","templated":true}]}}